{"id":15,"date":"2018-01-03T14:54:44","date_gmt":"2018-01-03T14:54:44","guid":{"rendered":"http:\/\/wordpress1.rv-womo.de\/?page_id=15"},"modified":"2021-02-08T17:31:49","modified_gmt":"2021-02-08T17:31:49","slug":"mietpreise-anhaenger","status":"publish","type":"page","link":"https:\/\/wordpress1.rv-womo.de\/?page_id=15","title":{"rendered":"Mietpreise Anh\u00e4nger"},"content":{"rendered":"<h1>Mietpreise Anh\u00e4nger<\/h1>\n<p>Mehr Details unserer Anh\u00e4nger finden Sie auch auf<\/p>\n<p><a href=\"https:\/\/www.erento.com\/anbieter\/29b680ad-9c6e-555e-b207-603c7a02bc28?group=5d26edfc-cb35-5219-a040-9c0f6ba9dd71\" target=\"_blank\" rel=\"noopener\"><img loading=\"lazy\" decoding=\"async\" class=\"size-medium wp-image-175 alignnone\" src=\"https:\/\/wordpress1.rv-womo.de\/wp-content\/uploads\/2018\/01\/ERENTO_LOGO-300x112.png\" alt=\"\" width=\"300\" height=\"112\" srcset=\"https:\/\/wordpress1.rv-womo.de\/wp-content\/uploads\/2018\/01\/ERENTO_LOGO-300x112.png 300w, https:\/\/wordpress1.rv-womo.de\/wp-content\/uploads\/2018\/01\/ERENTO_LOGO.png 367w\" sizes=\"(max-width: 300px) 100vw, 300px\" \/><\/a><\/p>\n<h2><\/h2>\n<h2>MOTORRADANH\u00c4NGER<\/h2>\n<div class=\"paragraph\">\n<p>750kg zGG. ohne Bremse Stema MT751 BS2<\/p>\n<p>1 Stunde 10,00 \u20ac<br \/>\n1 Tag 19,00 \u20ac<br \/>\n1 Woche 110,00 \u20ac<br \/>\n4 Wochen 350,00 \u20ac<\/p>\n<\/div>\n<div class=\"paragraph\"><a href=\"https:\/\/www.erento.com\/mieten\/fahrzeuge_fluggeraete\/anhaenger\/anhaenger\/4779704717.html\"><img loading=\"lazy\" decoding=\"async\" class=\"alignnone wp-image-208 size-full\" src=\"https:\/\/wordpress1.rv-womo.de\/wp-content\/uploads\/2018\/01\/motah750_500.jpg\" alt=\"\" width=\"484\" height=\"363\" srcset=\"https:\/\/wordpress1.rv-womo.de\/wp-content\/uploads\/2018\/01\/motah750_500.jpg 484w, https:\/\/wordpress1.rv-womo.de\/wp-content\/uploads\/2018\/01\/motah750_500-300x225.jpg 300w\" sizes=\"(max-width: 484px) 100vw, 484px\" \/><\/a><\/div>\n<div><\/div>\n<h2>PKW ANH\u00c4NGER<\/h2>\n<div class=\"paragraph\">\n<p>Verschiedene Anh\u00e4nger zur Auswahl. Bitte fragen Sie einfach bei uns an.<\/p>\n<p>1 Tag 19,00 \u20ac<br \/>\nJeder weitere Tag 15,00 \u20ac<br \/>\nFr 10:00 &#8211; Mo 10:00 45,00 \u20ac<br \/>\n1 Woche 60,00 \u20ac<\/p>\n<\/div>\n<div class=\"paragraph\"><a href=\"https:\/\/www.erento.com\/mieten\/fahrzeuge_fluggeraete\/anhaenger\/anhaenger\/4905683452.html\"><img loading=\"lazy\" decoding=\"async\" class=\"alignnone wp-image-210 size-full\" src=\"https:\/\/wordpress1.rv-womo.de\/wp-content\/uploads\/2018\/01\/anhanger_500.jpg\" alt=\"\" width=\"484\" height=\"363\" srcset=\"https:\/\/wordpress1.rv-womo.de\/wp-content\/uploads\/2018\/01\/anhanger_500.jpg 484w, https:\/\/wordpress1.rv-womo.de\/wp-content\/uploads\/2018\/01\/anhanger_500-300x225.jpg 300w\" sizes=\"(max-width: 484px) 100vw, 484px\" \/><\/a><\/div>\n<div><\/div>\n<h2>KOFFERANH\u00c4NGER<\/h2>\n<div class=\"paragraph\">\n<p>1300Kg zGG. 251x128x 180cm Nutzabmessung<br \/>\nKofferanh\u00e4nger abschlie\u00dfbar 1300KG<\/p>\n<p>1 Stunde 25,00 \u20ac<br \/>\n1 Tag 29,00 \u20ac<br \/>\n1 Woche 150,00 \u20ac<br \/>\n4 Wochen 400,00 \u20ac<\/p>\n<\/div>\n<div class=\"paragraph\"><a href=\"https:\/\/www.erento.com\/mieten\/fahrzeuge_fluggeraete\/anhaenger\/anhaenger\/8580060726.html\"><img loading=\"lazy\" decoding=\"async\" class=\"alignnone wp-image-211 size-full\" src=\"https:\/\/wordpress1.rv-womo.de\/wp-content\/uploads\/2018\/01\/kofferanh_500.jpg\" alt=\"\" width=\"484\" height=\"363\" srcset=\"https:\/\/wordpress1.rv-womo.de\/wp-content\/uploads\/2018\/01\/kofferanh_500.jpg 484w, https:\/\/wordpress1.rv-womo.de\/wp-content\/uploads\/2018\/01\/kofferanh_500-300x225.jpg 300w\" sizes=\"(max-width: 484px) 100vw, 484px\" \/><\/a><\/div>\n<div><\/div>\n<div><\/div>\n<h2>AUTOTRANSPORTER<\/h2>\n<div class=\"paragraph\">\n<p>Autotransporter 2700kg zGG. absenkbar! ohne zus.Auffahr- Schienen!<\/p>\n<p>1 Stunde 25,00 \u20ac<br \/>\n1 Tag 45,00 \u20ac<br \/>\n1 Woche 199,00 \u20ac<br \/>\n4 Wochen 500,00 \u20ac<\/p>\n<\/div>\n<div class=\"paragraph\"><a href=\"https:\/\/www.erento.com\/mieten\/fahrzeuge_fluggeraete\/anhaenger\/anhaenger\/4247962987.html\"><img loading=\"lazy\" decoding=\"async\" class=\"wp-image-212 size-full alignnone\" src=\"https:\/\/wordpress1.rv-womo.de\/wp-content\/uploads\/2018\/01\/autotrans_500.jpg\" alt=\"\" width=\"484\" height=\"363\" srcset=\"https:\/\/wordpress1.rv-womo.de\/wp-content\/uploads\/2018\/01\/autotrans_500.jpg 484w, https:\/\/wordpress1.rv-womo.de\/wp-content\/uploads\/2018\/01\/autotrans_500-300x225.jpg 300w\" sizes=\"(max-width: 484px) 100vw, 484px\" \/><\/a><\/div>\n<div><\/div>\n<div><\/div>\n","protected":false},"excerpt":{"rendered":"<p>Mietpreise Anh\u00e4nger Mehr Details unserer Anh\u00e4nger finden Sie auch auf MOTORRADANH\u00c4NGER 750kg zGG. ohne Bremse Stema MT751 BS2 1 Stunde<\/p>\n","protected":false},"author":1,"featured_media":0,"parent":0,"menu_order":0,"comment_status":"closed","ping_status":"closed","template":"template-slider.php","meta":{"footnotes":""},"_links":{"self":[{"href":"https:\/\/wordpress1.rv-womo.de\/index.php?rest_route=\/wp\/v2\/pages\/15"}],"collection":[{"href":"https:\/\/wordpress1.rv-womo.de\/index.php?rest_route=\/wp\/v2\/pages"}],"about":[{"href":"https:\/\/wordpress1.rv-womo.de\/index.php?rest_route=\/wp\/v2\/types\/page"}],"author":[{"embeddable":true,"href":"https:\/\/wordpress1.rv-womo.de\/index.php?rest_route=\/wp\/v2\/users\/1"}],"replies":[{"embeddable":true,"href":"https:\/\/wordpress1.rv-womo.de\/index.php?rest_route=%2Fwp%2Fv2%2Fcomments&post=15"}],"version-history":[{"count":8,"href":"https:\/\/wordpress1.rv-womo.de\/index.php?rest_route=\/wp\/v2\/pages\/15\/revisions"}],"predecessor-version":[{"id":278,"href":"https:\/\/wordpress1.rv-womo.de\/index.php?rest_route=\/wp\/v2\/pages\/15\/revisions\/278"}],"wp:attachment":[{"href":"https:\/\/wordpress1.rv-womo.de\/index.php?rest_route=%2Fwp%2Fv2%2Fmedia&parent=15"}],"curies":[{"name":"wp","href":"https:\/\/api.w.org\/{rel}","templated":true}]}}