{"id":17,"date":"2018-01-03T14:59:26","date_gmt":"2018-01-03T14:59:26","guid":{"rendered":"http:\/\/wordpress1.rv-womo.de\/?page_id=17"},"modified":"2018-01-03T14:59:26","modified_gmt":"2018-01-03T14:59:26","slug":"ueber-uns","status":"publish","type":"page","link":"https:\/\/wordpress1.rv-womo.de\/","title":{"rendered":"\u00dcber uns"},"content":{"rendered":"<h2>ZUVERL\u00c4SSIGE LOGISTIK, EINGEHENDE BERATUNG<\/h2>\n<div class=\"paragraph\">\n<p>RV-Reisemobile steht seit vielen Jahren f\u00fcr zuverl\u00e4ssige Leistungen im Bereich Wohnmobilvermietung und Transportervermietung. Unser Team mit dem Inhaber Reinhardt Vogt ber\u00e4t Sie gerne mit individuell zugeschnittenen L\u00f6sungen und sorgt f\u00fcr eine optimale Abwicklung.<\/p>\n<\/div>\n","protected":false},"excerpt":{"rendered":"<p>ZUVERL\u00c4SSIGE LOGISTIK, EINGEHENDE BERATUNG RV-Reisemobile steht seit vielen Jahren f\u00fcr zuverl\u00e4ssige Leistungen im Bereich Wohnmobilvermietung und Transportervermietung. Unser Team mit<\/p>\n","protected":false},"author":1,"featured_media":0,"parent":0,"menu_order":0,"comment_status":"closed","ping_status":"closed","template":"template-slider.php","meta":{"footnotes":""},"_links":{"self":[{"href":"https:\/\/wordpress1.rv-womo.de\/index.php?rest_route=\/wp\/v2\/pages\/17"}],"collection":[{"href":"https:\/\/wordpress1.rv-womo.de\/index.php?rest_route=\/wp\/v2\/pages"}],"about":[{"href":"https:\/\/wordpress1.rv-womo.de\/index.php?rest_route=\/wp\/v2\/types\/page"}],"author":[{"embeddable":true,"href":"https:\/\/wordpress1.rv-womo.de\/index.php?rest_route=\/wp\/v2\/users\/1"}],"replies":[{"embeddable":true,"href":"https:\/\/wordpress1.rv-womo.de\/index.php?rest_route=%2Fwp%2Fv2%2Fcomments&post=17"}],"version-history":[{"count":2,"href":"https:\/\/wordpress1.rv-womo.de\/index.php?rest_route=\/wp\/v2\/pages\/17\/revisions"}],"predecessor-version":[{"id":113,"href":"https:\/\/wordpress1.rv-womo.de\/index.php?rest_route=\/wp\/v2\/pages\/17\/revisions\/113"}],"wp:attachment":[{"href":"https:\/\/wordpress1.rv-womo.de\/index.php?rest_route=%2Fwp%2Fv2%2Fmedia&parent=17"}],"curies":[{"name":"wp","href":"https:\/\/api.w.org\/{rel}","templated":true}]}}