{"id":19,"date":"2018-01-03T14:57:14","date_gmt":"2018-01-03T14:57:14","guid":{"rendered":"http:\/\/wordpress1.rv-womo.de\/?page_id=19"},"modified":"2018-01-03T14:57:14","modified_gmt":"2018-01-03T14:57:14","slug":"service","status":"publish","type":"page","link":"https:\/\/wordpress1.rv-womo.de\/?page_id=19","title":{"rendered":"Service"},"content":{"rendered":"<h1>Unser Service<\/h1>\n<h2>FAHRZEUGAUFBEREITUNG<\/h2>\n<p>&nbsp;<\/p>\n<div class=\"paragraph\">\n<h3>Rund um Auto, Wohnmobil oder Wohnwagen &#8211; wir machen, dass es gl\u00e4nzt.<\/h3>\n<h3>Au\u00dfen- und Innenaufbereitung f\u00fcr Ihr Fahrzeug.<\/h3>\n<\/div>\n","protected":false},"excerpt":{"rendered":"<p>Unser Service FAHRZEUGAUFBEREITUNG &nbsp; Rund um Auto, Wohnmobil oder Wohnwagen &#8211; wir machen, dass es gl\u00e4nzt. Au\u00dfen- und Innenaufbereitung f\u00fcr<\/p>\n","protected":false},"author":1,"featured_media":0,"parent":0,"menu_order":0,"comment_status":"closed","ping_status":"closed","template":"template-slider.php","meta":{"footnotes":""},"_links":{"self":[{"href":"https:\/\/wordpress1.rv-womo.de\/index.php?rest_route=\/wp\/v2\/pages\/19"}],"collection":[{"href":"https:\/\/wordpress1.rv-womo.de\/index.php?rest_route=\/wp\/v2\/pages"}],"about":[{"href":"https:\/\/wordpress1.rv-womo.de\/index.php?rest_route=\/wp\/v2\/types\/page"}],"author":[{"embeddable":true,"href":"https:\/\/wordpress1.rv-womo.de\/index.php?rest_route=\/wp\/v2\/users\/1"}],"replies":[{"embeddable":true,"href":"https:\/\/wordpress1.rv-womo.de\/index.php?rest_route=%2Fwp%2Fv2%2Fcomments&post=19"}],"version-history":[{"count":2,"href":"https:\/\/wordpress1.rv-womo.de\/index.php?rest_route=\/wp\/v2\/pages\/19\/revisions"}],"predecessor-version":[{"id":112,"href":"https:\/\/wordpress1.rv-womo.de\/index.php?rest_route=\/wp\/v2\/pages\/19\/revisions\/112"}],"wp:attachment":[{"href":"https:\/\/wordpress1.rv-womo.de\/index.php?rest_route=%2Fwp%2Fv2%2Fmedia&parent=19"}],"curies":[{"name":"wp","href":"https:\/\/api.w.org\/{rel}","templated":true}]}}